{"id":57,"date":"2021-04-06T06:51:38","date_gmt":"2021-04-06T06:51:38","guid":{"rendered":"https:\/\/lamafactory.com\/blog\/?page_id=57"},"modified":"2021-04-06T07:13:39","modified_gmt":"2021-04-06T07:13:39","slug":"home-page","status":"publish","type":"page","link":"https:\/\/lamafactory.com\/blog\/","title":{"rendered":"Le blog ultime de la d\u00e9co murale et du cadre sur mesure"},"content":{"rendered":"\n<p>Compositions murales de cadres, polaroid, guitare, lithographie, dessin, fusain, gravure, maillot ou m\u00eame puzzle, vous \u00eates au bon endroit pour trouver les astuces pour r\u00e9aliser des cadres sur mesure pour vos objets en tout genre.<\/p>\n","protected":false},"excerpt":{"rendered":"<p>Compositions murales de cadres, polaroid, guitare, lithographie, dessin, fusain, gravure, maillot ou m\u00eame puzzle, vous \u00eates au bon endroit pour trouver les astuces pour r\u00e9aliser des cadres sur mesure pour vos objets en tout genre.<\/p>\n","protected":false},"author":1,"featured_media":0,"parent":0,"menu_order":0,"comment_status":"closed","ping_status":"closed","template":"page-composer.php","meta":{"_monsterinsights_skip_tracking":false,"_monsterinsights_sitenote_active":false,"_monsterinsights_sitenote_note":"","_monsterinsights_sitenote_category":0,"footnotes":""},"class_list":["post-57","page","type-page","status-publish","hentry"],"_links":{"self":[{"href":"https:\/\/lamafactory.com\/blog\/wp-json\/wp\/v2\/pages\/57","targetHints":{"allow":["GET"]}}],"collection":[{"href":"https:\/\/lamafactory.com\/blog\/wp-json\/wp\/v2\/pages"}],"about":[{"href":"https:\/\/lamafactory.com\/blog\/wp-json\/wp\/v2\/types\/page"}],"author":[{"embeddable":true,"href":"https:\/\/lamafactory.com\/blog\/wp-json\/wp\/v2\/users\/1"}],"replies":[{"embeddable":true,"href":"https:\/\/lamafactory.com\/blog\/wp-json\/wp\/v2\/comments?post=57"}],"version-history":[{"count":6,"href":"https:\/\/lamafactory.com\/blog\/wp-json\/wp\/v2\/pages\/57\/revisions"}],"predecessor-version":[{"id":71,"href":"https:\/\/lamafactory.com\/blog\/wp-json\/wp\/v2\/pages\/57\/revisions\/71"}],"wp:attachment":[{"href":"https:\/\/lamafactory.com\/blog\/wp-json\/wp\/v2\/media?parent=57"}],"curies":[{"name":"wp","href":"https:\/\/api.w.org\/{rel}","templated":true}]}}